{"id":3816,"date":"2022-04-29T14:23:14","date_gmt":"2022-04-29T14:23:14","guid":{"rendered":"https:\/\/leteindumentariafemenina.com.uy\/tienda\/?page_id=3816"},"modified":"2023-10-21T01:21:56","modified_gmt":"2023-10-21T01:21:56","slug":"como-comprar","status":"publish","type":"page","link":"https:\/\/leteindumentariafemenina.com.uy\/tienda\/como-comprar\/","title":{"rendered":"Como comprar"},"content":{"rendered":"\t\t<div data-elementor-type=\"wp-page\" data-elementor-id=\"3816\" class=\"elementor elementor-3816\">\n\t\t\t\t\t\t<section class=\"elementor-section elementor-top-section elementor-element elementor-element-4204d6e6 elementor-section-boxed elementor-section-height-default elementor-section-height-default\" data-id=\"4204d6e6\" data-element_type=\"section\">\n\t\t\t\t\t\t<div class=\"elementor-container elementor-column-gap-default\">\n\t\t\t\t\t<div class=\"elementor-column elementor-col-100 elementor-top-column elementor-element elementor-element-33e2f0f2\" data-id=\"33e2f0f2\" data-element_type=\"column\">\n\t\t\t<div class=\"elementor-widget-wrap elementor-element-populated\">\n\t\t\t\t\t\t<div class=\"elementor-element elementor-element-3e0dc3c9 elementor-widget elementor-widget-text-editor\" data-id=\"3e0dc3c9\" data-element_type=\"widget\" data-widget_type=\"text-editor.default\">\n\t\t\t\t<div class=\"elementor-widget-container\">\n\t\t\t\t\t\t\t\t\t<p><\/p>\n<h2>\u00bfC\u00d3MO COMPRAR?<\/h2>\n<p><\/p>\n<p>El proceso es muy sencillo, simplemente eleg\u00ed los productos, talles y colores, luego clique\u00e1s en finalizar la compra y segu\u00eds los pasos que se indican en la web.<\/p>\n<h2>\u00bfCOMO POD\u00c9S ABONAR LA COMPRA?<\/h2>\n<p><\/p>\n<p>Disponemos de los siguientes medios de pago:<\/p>\n<p>En la tienda f\u00edsica:<\/p>\n<ul>\n<li>En efectivo mediante las redes de cobranzas Abitab, Redpagos.<\/li>\n<li>Con tarjetas de cr\u00e9dito Y DEBITO.<\/li>\n<li>Transferencia bancaria.<\/li>\n<li>Mercado pago.<\/li>\n<\/ul>\n<div>En la tienda online:<br \/>\n<ul>\n<li>Pago contra reembolso.<\/li>\n<li>Transferencia bancaria<\/li>\n<li>Mercado pago.<\/li>\n<\/ul>\n<\/div>\n<p><\/p>\n<h2>\u00bf<span style=\"color: #23232c; font-size: 30px;\">NECESITA AYUDA?<\/span><\/h2>\n<p><\/p>\n<p>Cont\u00e1ctenos por Whatsapp al <span aria-label=\"Llamar al n\u00famero de tel\u00e9fono 094 497 821\">094 497 821.<\/span><\/p>\n<p><\/p>\t\t\t\t\t\t\t\t<\/div>\n\t\t\t\t<\/div>\n\t\t\t\t\t<\/div>\n\t\t<\/div>\n\t\t\t\t\t<\/div>\n\t\t<\/section>\n\t\t\t\t<\/div>\n\t\t","protected":false},"excerpt":{"rendered":"<p>\u00bfC\u00d3MO COMPRAR? El proceso es muy sencillo, simplemente eleg\u00ed los productos, talles y colores, luego&hellip;<\/p>\n","protected":false},"author":1,"featured_media":0,"parent":0,"menu_order":0,"comment_status":"closed","ping_status":"closed","template":"","meta":{"om_disable_all_campaigns":false,"_monsterinsights_skip_tracking":false,"_monsterinsights_sitenote_active":false,"_monsterinsights_sitenote_note":"","_monsterinsights_sitenote_category":0,"footnotes":""},"class_list":["post-3816","page","type-page","status-publish","hentry"],"aioseo_notices":[],"_links":{"self":[{"href":"https:\/\/leteindumentariafemenina.com.uy\/tienda\/wp-json\/wp\/v2\/pages\/3816","targetHints":{"allow":["GET"]}}],"collection":[{"href":"https:\/\/leteindumentariafemenina.com.uy\/tienda\/wp-json\/wp\/v2\/pages"}],"about":[{"href":"https:\/\/leteindumentariafemenina.com.uy\/tienda\/wp-json\/wp\/v2\/types\/page"}],"author":[{"embeddable":true,"href":"https:\/\/leteindumentariafemenina.com.uy\/tienda\/wp-json\/wp\/v2\/users\/1"}],"replies":[{"embeddable":true,"href":"https:\/\/leteindumentariafemenina.com.uy\/tienda\/wp-json\/wp\/v2\/comments?post=3816"}],"version-history":[{"count":14,"href":"https:\/\/leteindumentariafemenina.com.uy\/tienda\/wp-json\/wp\/v2\/pages\/3816\/revisions"}],"predecessor-version":[{"id":3849,"href":"https:\/\/leteindumentariafemenina.com.uy\/tienda\/wp-json\/wp\/v2\/pages\/3816\/revisions\/3849"}],"wp:attachment":[{"href":"https:\/\/leteindumentariafemenina.com.uy\/tienda\/wp-json\/wp\/v2\/media?parent=3816"}],"curies":[{"name":"wp","href":"https:\/\/api.w.org\/{rel}","templated":true}]}}