{"id":2567,"date":"2020-05-20T08:49:58","date_gmt":"2020-05-20T08:49:58","guid":{"rendered":"http:\/\/localhost\/test\/?page_id=2567"},"modified":"2023-02-20T21:15:04","modified_gmt":"2023-02-20T21:15:04","slug":"contacto","status":"publish","type":"page","link":"https:\/\/leteindumentariafemenina.com.uy\/tienda\/contacto\/","title":{"rendered":"Contacto"},"content":{"rendered":"\t\t<div data-elementor-type=\"wp-page\" data-elementor-id=\"2567\" class=\"elementor elementor-2567\">\n\t\t\t\t\t\t<section class=\"elementor-section elementor-top-section elementor-element elementor-element-09525a5 elementor-section-height-full elementor-section-boxed elementor-section-height-default elementor-section-items-middle\" data-id=\"09525a5\" data-element_type=\"section\">\n\t\t\t\t\t\t<div class=\"elementor-container elementor-column-gap-default\">\n\t\t\t\t\t<div class=\"elementor-column elementor-col-66 elementor-top-column elementor-element elementor-element-ff2055e\" data-id=\"ff2055e\" data-element_type=\"column\">\n\t\t\t<div class=\"elementor-widget-wrap elementor-element-populated\">\n\t\t\t\t\t\t<div class=\"elementor-element elementor-element-d8753a2 elementor-widget elementor-widget-sober-section-heading\" data-id=\"d8753a2\" data-element_type=\"widget\" data-widget_type=\"sober-section-heading.default\">\n\t\t\t\t<div class=\"elementor-widget-container\">\n\t\t\t\t\t<h2 class=\"sober-section-heading sober-section-heading--default sober-section-header--align-left\"><span class=\"sober-section-heading__title\">Cont\u00e1ctenos<\/span><\/h2>\t\t\t\t<\/div>\n\t\t\t\t<\/div>\n\t\t\t\t<section class=\"elementor-section elementor-inner-section elementor-element elementor-element-41a33b5 elementor-section-content-top elementor-section-boxed elementor-section-height-default elementor-section-height-default\" data-id=\"41a33b5\" data-element_type=\"section\">\n\t\t\t\t\t\t<div class=\"elementor-container elementor-column-gap-default\">\n\t\t\t\t\t<div class=\"elementor-column elementor-col-50 elementor-inner-column elementor-element elementor-element-2d3916f\" data-id=\"2d3916f\" data-element_type=\"column\">\n\t\t\t<div class=\"elementor-widget-wrap elementor-element-populated\">\n\t\t\t\t\t\t<div class=\"elementor-element elementor-element-a647f40 elementor-widget elementor-widget-heading\" data-id=\"a647f40\" data-element_type=\"widget\" data-widget_type=\"heading.default\">\n\t\t\t\t<div class=\"elementor-widget-container\">\n\t\t\t\t\t<p class=\"elementor-heading-title elementor-size-default\">Direcci\u00f3n<\/p>\t\t\t\t<\/div>\n\t\t\t\t<\/div>\n\t\t\t\t<div class=\"elementor-element elementor-element-a6a3449 elementor-widget elementor-widget-text-editor\" data-id=\"a6a3449\" data-element_type=\"widget\" data-widget_type=\"text-editor.default\">\n\t\t\t\t<div class=\"elementor-widget-container\">\n\t\t\t\t\t\t\t\t\t<p>Dr. Salvador Ferrer Serra 2310<br \/>CP: 11200<br \/>Tres Cruces &#8211; Montevideo<br \/>Uruguay<\/p>\t\t\t\t\t\t\t\t<\/div>\n\t\t\t\t<\/div>\n\t\t\t\t\t<\/div>\n\t\t<\/div>\n\t\t\t\t<div class=\"elementor-column elementor-col-25 elementor-inner-column elementor-element elementor-element-9c0f9de\" data-id=\"9c0f9de\" data-element_type=\"column\">\n\t\t\t<div class=\"elementor-widget-wrap elementor-element-populated\">\n\t\t\t\t\t\t<div class=\"elementor-element elementor-element-ab0660c elementor-widget elementor-widget-heading\" data-id=\"ab0660c\" data-element_type=\"widget\" data-widget_type=\"heading.default\">\n\t\t\t\t<div class=\"elementor-widget-container\">\n\t\t\t\t\t<p class=\"elementor-heading-title elementor-size-default\">Tel\u00e9fono<\/p>\t\t\t\t<\/div>\n\t\t\t\t<\/div>\n\t\t\t\t<div class=\"elementor-element elementor-element-67bd356 elementor-widget elementor-widget-text-editor\" data-id=\"67bd356\" data-element_type=\"widget\" data-widget_type=\"text-editor.default\">\n\t\t\t\t<div class=\"elementor-widget-container\">\n\t\t\t\t\t\t\t\t\t<p><a href=\"https:\/\/www.google.com\/search?q=lete%20indumentaria%20femenina&amp;rlz=1C1GIVA_esUY950UY950&amp;oq=lete+indumentaria+femenina&amp;aqs=chrome..69i57j69i60l3.7182j0j7&amp;sourceid=chrome&amp;ie=UTF-8&amp;tbs=lf:1,lf_ui:10&amp;tbm=lcl&amp;sxsrf=ALiCzsZYGS1iXr7s9iLatqI-BSri-E44zw:1654638437334&amp;rflfq=1&amp;num=10&amp;rldimm=2380062740283444365&amp;lqi=ChpsZXRlIGluZHVtZW50YXJpYSBmZW1lbmluYVocIhpsZXRlIGluZHVtZW50YXJpYSBmZW1lbmluYZIBEWZhYnJpY193aG9sZXNhbGVyqgEiEAEqHiIabGV0ZSBpbmR1bWVudGFyaWEgZmVtZW5pbmEoDg&amp;ved=2ahUKEwj9tafCqJz4AhXVlJUCHSv2CesQvS56BAgTEAE&amp;sa=X&amp;rlst=f#\" data-dtype=\"d3ph\" data-local-attribute=\"d3ph\" data-ved=\"2ahUKEwjK9NfMqJz4AhW8jZUCHYNMD7kQkAgoAHoECA0QAw\"><span aria-label=\"Llamar al n\u00famero de tel\u00e9fono 095 850 152\">095 850 152<\/span><\/a><\/p>\t\t\t\t\t\t\t\t<\/div>\n\t\t\t\t<\/div>\n\t\t\t\t\t<\/div>\n\t\t<\/div>\n\t\t\t\t<div class=\"elementor-column elementor-col-25 elementor-inner-column elementor-element elementor-element-668e43a\" data-id=\"668e43a\" data-element_type=\"column\">\n\t\t\t<div class=\"elementor-widget-wrap elementor-element-populated\">\n\t\t\t\t\t\t<div class=\"elementor-element elementor-element-9e76800 elementor-widget elementor-widget-heading\" data-id=\"9e76800\" data-element_type=\"widget\" data-widget_type=\"heading.default\">\n\t\t\t\t<div class=\"elementor-widget-container\">\n\t\t\t\t\t<p class=\"elementor-heading-title elementor-size-default\">Email<\/p>\t\t\t\t<\/div>\n\t\t\t\t<\/div>\n\t\t\t\t<div class=\"elementor-element elementor-element-ff71daa elementor-widget elementor-widget-text-editor\" data-id=\"ff71daa\" data-element_type=\"widget\" data-widget_type=\"text-editor.default\">\n\t\t\t\t<div class=\"elementor-widget-container\">\n\t\t\t\t\t\t\t\t\t<p>letetrescruces@gmail.com<\/p>\t\t\t\t\t\t\t\t<\/div>\n\t\t\t\t<\/div>\n\t\t\t\t\t<\/div>\n\t\t<\/div>\n\t\t\t\t\t<\/div>\n\t\t<\/section>\n\t\t\t\t<section class=\"elementor-section elementor-inner-section elementor-element elementor-element-df4d8ce elementor-section-content-top elementor-section-boxed elementor-section-height-default elementor-section-height-default\" data-id=\"df4d8ce\" data-element_type=\"section\">\n\t\t\t\t\t\t<div class=\"elementor-container elementor-column-gap-default\">\n\t\t\t\t\t<div class=\"elementor-column elementor-col-50 elementor-inner-column elementor-element elementor-element-66183ad\" data-id=\"66183ad\" data-element_type=\"column\">\n\t\t\t<div class=\"elementor-widget-wrap elementor-element-populated\">\n\t\t\t\t\t\t<div class=\"elementor-element elementor-element-693eb28 elementor-widget elementor-widget-text-editor\" data-id=\"693eb28\" data-element_type=\"widget\" data-widget_type=\"text-editor.default\">\n\t\t\t\t<div class=\"elementor-widget-container\">\n\t\t\t\t\t\t\t\t\t<p>Blandengues 1780<br \/>CP: 11800<br \/>Reus &#8211; Montevideo<br \/>Uruguay<\/p>\t\t\t\t\t\t\t\t<\/div>\n\t\t\t\t<\/div>\n\t\t\t\t\t<\/div>\n\t\t<\/div>\n\t\t\t\t<div class=\"elementor-column elementor-col-25 elementor-inner-column elementor-element elementor-element-e33f098\" data-id=\"e33f098\" data-element_type=\"column\">\n\t\t\t<div class=\"elementor-widget-wrap elementor-element-populated\">\n\t\t\t\t\t\t<div class=\"elementor-element elementor-element-b349b8e elementor-widget elementor-widget-text-editor\" data-id=\"b349b8e\" data-element_type=\"widget\" data-widget_type=\"text-editor.default\">\n\t\t\t\t<div class=\"elementor-widget-container\">\n\t\t\t\t\t\t\t\t\t<p><a href=\"https:\/\/www.google.com\/search?q=lete+indumentaria+femenina&amp;rlz=1C1GIVA_esUY950UY950&amp;tbm=lcl&amp;sxsrf=ALiCzsYNb867XD4QNgcSzIdpYa7_f_7kjw%3A1654638457655&amp;ei=ecefYri8J-7k1sQPguGi8Aw&amp;oq=lete+indumentaria+femenina&amp;gs_l=psy-ab.12...0.0.0.276444.0.0.0.0.0.0.0.0..0.0....0...1c..64.psy-ab..0.0.0....0.dvNvWx-4Nik#\" data-dtype=\"d3ph\" data-local-attribute=\"d3ph\" data-ved=\"2ahUKEwiCrazRqZz4AhWOCrkGHd-iDFsQkAgoAHoECA0QAw\"><span aria-label=\"Llamar al n\u00famero de tel\u00e9fono 094 497 821\">094 497 821<\/span><\/a><\/p>\t\t\t\t\t\t\t\t<\/div>\n\t\t\t\t<\/div>\n\t\t\t\t\t<\/div>\n\t\t<\/div>\n\t\t\t\t<div class=\"elementor-column elementor-col-25 elementor-inner-column elementor-element elementor-element-3c2f475\" data-id=\"3c2f475\" data-element_type=\"column\">\n\t\t\t<div class=\"elementor-widget-wrap elementor-element-populated\">\n\t\t\t\t\t\t<div class=\"elementor-element elementor-element-7cf5332 elementor-widget elementor-widget-text-editor\" data-id=\"7cf5332\" data-element_type=\"widget\" data-widget_type=\"text-editor.default\">\n\t\t\t\t<div class=\"elementor-widget-container\">\n\t\t\t\t\t\t\t\t\t<p>letereus@gmail.com<\/p>\t\t\t\t\t\t\t\t<\/div>\n\t\t\t\t<\/div>\n\t\t\t\t\t<\/div>\n\t\t<\/div>\n\t\t\t\t\t<\/div>\n\t\t<\/section>\n\t\t\t\t<div class=\"elementor-element elementor-element-63f4f41 elementor-widget-divider--view-line elementor-widget elementor-widget-divider\" data-id=\"63f4f41\" data-element_type=\"widget\" data-widget_type=\"divider.default\">\n\t\t\t\t<div class=\"elementor-widget-container\">\n\t\t\t\t\t\t\t<div class=\"elementor-divider\">\n\t\t\t<span class=\"elementor-divider-separator\">\n\t\t\t\t\t\t<\/span>\n\t\t<\/div>\n\t\t\t\t\t\t<\/div>\n\t\t\t\t<\/div>\n\t\t\t\t\t<\/div>\n\t\t<\/div>\n\t\t\t\t<div class=\"elementor-column elementor-col-33 elementor-top-column elementor-element elementor-element-1292c9c\" data-id=\"1292c9c\" data-element_type=\"column\">\n\t\t\t<div class=\"elementor-widget-wrap\">\n\t\t\t\t\t\t\t<\/div>\n\t\t<\/div>\n\t\t\t\t\t<\/div>\n\t\t<\/section>\n\t\t\t\t<\/div>\n\t\t","protected":false},"excerpt":{"rendered":"<p>Cont\u00e1ctenos Direcci\u00f3n Dr. Salvador Ferrer Serra 2310CP: 11200Tres Cruces &#8211; MontevideoUruguay Tel\u00e9fono 095 850 152&hellip;<\/p>\n","protected":false},"author":1,"featured_media":0,"parent":0,"menu_order":0,"comment_status":"closed","ping_status":"closed","template":"templates\/full-screen.php","meta":{"om_disable_all_campaigns":false,"_monsterinsights_skip_tracking":false,"_monsterinsights_sitenote_active":false,"_monsterinsights_sitenote_note":"","_monsterinsights_sitenote_category":0,"footnotes":""},"class_list":["post-2567","page","type-page","status-publish","hentry"],"aioseo_notices":[],"_links":{"self":[{"href":"https:\/\/leteindumentariafemenina.com.uy\/tienda\/wp-json\/wp\/v2\/pages\/2567","targetHints":{"allow":["GET"]}}],"collection":[{"href":"https:\/\/leteindumentariafemenina.com.uy\/tienda\/wp-json\/wp\/v2\/pages"}],"about":[{"href":"https:\/\/leteindumentariafemenina.com.uy\/tienda\/wp-json\/wp\/v2\/types\/page"}],"author":[{"embeddable":true,"href":"https:\/\/leteindumentariafemenina.com.uy\/tienda\/wp-json\/wp\/v2\/users\/1"}],"replies":[{"embeddable":true,"href":"https:\/\/leteindumentariafemenina.com.uy\/tienda\/wp-json\/wp\/v2\/comments?post=2567"}],"version-history":[{"count":7,"href":"https:\/\/leteindumentariafemenina.com.uy\/tienda\/wp-json\/wp\/v2\/pages\/2567\/revisions"}],"predecessor-version":[{"id":3225,"href":"https:\/\/leteindumentariafemenina.com.uy\/tienda\/wp-json\/wp\/v2\/pages\/2567\/revisions\/3225"}],"wp:attachment":[{"href":"https:\/\/leteindumentariafemenina.com.uy\/tienda\/wp-json\/wp\/v2\/media?parent=2567"}],"curies":[{"name":"wp","href":"https:\/\/api.w.org\/{rel}","templated":true}]}}